{"id":171,"date":"2025-07-25T16:00:09","date_gmt":"2025-07-25T16:00:09","guid":{"rendered":"https:\/\/maraklimatech.de\/de\/faqs\/"},"modified":"2025-08-02T18:33:58","modified_gmt":"2025-08-02T18:33:58","slug":"faqs","status":"publish","type":"page","link":"https:\/\/maraklimatech.de\/de\/faqs\/","title":{"rendered":"FAQs"},"content":{"rendered":"\n<div class=\"wp-block-uagb-container uagb-block-1fc14cf7 alignfull uagb-is-root-container\"><div class=\"uagb-container-inner-blocks-wrap\">\n<div class=\"wp-block-uagb-advanced-heading uagb-block-8eece385\"><h1 class=\"uagb-heading-text\">FAQ&#8217;s\u200b<\/h1><\/div>\n\n\n\n<div class=\"wp-block-uagb-container uagb-block-3bf20f2f\">\n<div class=\"wp-block-uagb-info-box uagb-block-2f314542 uagb-infobox__content-wrap  uagb-infobox-icon-above-title uagb-infobox-image-valign-top wp-block-uagb-info-box--has-margin\"><div class=\"uagb-infobox-margin-wrapper\"><div class=\"uagb-ifb-content\"><div class=\"uagb-ifb-title-wrap\"><h5 class=\"uagb-ifb-title-prefix\">Tel: \u200b<br>015252592833<br>017662431456<\/h5><h3 class=\"uagb-ifb-title\">Email : <\/h3><\/div><p class=\"uagb-ifb-desc\">info@maraklimatech.de<\/p><\/div><\/div><\/div>\n<\/div>\n<\/div><\/div>\n\n\n\n<div class=\"wp-block-uagb-container uagb-block-19603e5e alignfull uagb-is-root-container\"><div class=\"uagb-container-inner-blocks-wrap\">\n<div class=\"wp-block-uagb-container uagb-block-dfa685d7\">\n<div class=\"wp-block-uagb-advanced-heading uagb-block-2723de92\"><h2 class=\"uagb-heading-text\">Frequently Asked Questions\u200b<\/h2><\/div>\n\n\n<div class=\"wp-block-uagb-faq uagb-faq__outer-wrap uagb-block-4ce40be7 uagb-faq-icon-row uagb-faq-layout-accordion uagb-faq-expand-first-true uagb-faq-inactive-other-true uagb-faq__wrap uagb-buttons-layout-wrap uagb-faq-equal-height     \" data-faqtoggle=\"true\" role=\"tablist\"><div class=\"wp-block-uagb-faq-child uagb-faq-child__outer-wrap uagb-faq-item uagb-block-348905bd \" role=\"tab\" tabindex=\"0\"><div class=\"uagb-faq-questions-button uagb-faq-questions\">\t\t\t<span class=\"uagb-icon uagb-faq-icon-wrap\">\n\t\t\t\t\t\t\t\t<svg xmlns=\"https:\/\/www.w3.org\/2000\/svg\" viewBox= \"0 0 448 512\"><path d=\"M432 256c0 17.69-14.33 32.01-32 32.01H256v144c0 17.69-14.33 31.99-32 31.99s-32-14.3-32-31.99v-144H48c-17.67 0-32-14.32-32-32.01s14.33-31.99 32-31.99H192v-144c0-17.69 14.33-32.01 32-32.01s32 14.32 32 32.01v144h144C417.7 224 432 238.3 432 256z\"><\/path><\/svg>\n\t\t\t\t\t\t\t<\/span>\n\t\t\t\t\t\t<span class=\"uagb-icon-active uagb-faq-icon-wrap\">\n\t\t\t\t\t\t\t\t<svg xmlns=\"https:\/\/www.w3.org\/2000\/svg\" viewBox= \"0 0 448 512\"><path d=\"M400 288h-352c-17.69 0-32-14.32-32-32.01s14.31-31.99 32-31.99h352c17.69 0 32 14.3 32 31.99S417.7 288 400 288z\"><\/path><\/svg>\n\t\t\t\t\t\t\t<\/span>\n\t\t\t<span class=\"uagb-question\"><a>Wie funktioniert eine Klimaanlage?<\/a><\/span><\/div><div class=\"uagb-faq-content\"><p>Die Funktionsweise der Klimaanlage \u00e4hnelt der eines K\u00fchlschranks. Sie transportiert W\u00e4rmeenergie von einem Ort niedrigerer Temperatur zu einem Ort mit h\u00f6herer Temperatur. Nat\u00fcrlich bewegt sich W\u00e4rme von selbst nur in Richtung niedrigerer Temperaturen. Um das Gegenteil zu erreichen, verwendet man ein K\u00e4ltemittel. Wenn der Druck des fl\u00fcssigen K\u00e4ltemittels abf\u00e4llt, dehnt es sich aus und k\u00fchlt stark ab. Durch den Einsatz eines Ventilators wird die Raumluft am W\u00e4rmetauscher vorbeigef\u00fchrt und abgek\u00fchlt. Gleichzeitig erw\u00e4rmt sich das K\u00e4ltemittel und verdampft. Der Kompressor saugt das gasf\u00f6rmige K\u00e4ltemittel an und komprimiert es stark, wodurch es sich erw\u00e4rmt. Wenn die Temperaturen h\u00f6her sind als die Umgebungstemperatur, gibt es die W\u00e4rme an diese ab. Das K\u00e4ltemittel k\u00fchlt sich wieder ab und wird verfl\u00fcssigt. Der Kreislauf beginnt von vorne.<\/p><\/div><\/div><div class=\"wp-block-uagb-faq-child uagb-faq-child__outer-wrap uagb-faq-item uagb-block-278e3025 \" role=\"tab\" tabindex=\"0\"><div class=\"uagb-faq-questions-button uagb-faq-questions\">\t\t\t<span class=\"uagb-icon uagb-faq-icon-wrap\">\n\t\t\t\t\t\t\t\t<svg xmlns=\"https:\/\/www.w3.org\/2000\/svg\" viewBox= \"0 0 448 512\"><path d=\"M432 256c0 17.69-14.33 32.01-32 32.01H256v144c0 17.69-14.33 31.99-32 31.99s-32-14.3-32-31.99v-144H48c-17.67 0-32-14.32-32-32.01s14.33-31.99 32-31.99H192v-144c0-17.69 14.33-32.01 32-32.01s32 14.32 32 32.01v144h144C417.7 224 432 238.3 432 256z\"><\/path><\/svg>\n\t\t\t\t\t\t\t<\/span>\n\t\t\t\t\t\t<span class=\"uagb-icon-active uagb-faq-icon-wrap\">\n\t\t\t\t\t\t\t\t<svg xmlns=\"https:\/\/www.w3.org\/2000\/svg\" viewBox= \"0 0 448 512\"><path d=\"M400 288h-352c-17.69 0-32-14.32-32-32.01s14.31-31.99 32-31.99h352c17.69 0 32 14.3 32 31.99S417.7 288 400 288z\"><\/path><\/svg>\n\t\t\t\t\t\t\t<\/span>\n\t\t\t<span class=\"uagb-question\"><a>Was kostet eine Klimaanlage?<\/a><\/span><\/div><div class=\"uagb-faq-content\"><p><a href=\"https:\/\/www.bing.com\/ck\/a?!&amp;&amp;p=0ccb4ad1ddacc841bdf4d007a7b17ba22417ad56efa1d6b31dd9c1fd59e2592bJmltdHM9MTc1MzY2MDgwMA&amp;ptn=3&amp;ver=2&amp;hsh=4&amp;fclid=3d03e00b-b609-64c2-38d1-f53cb7a3651d&amp;psq=h%c3%a4ufig+gestellte+fragen+zu+klimaanlagen+in+deutschland+was+kostet+das&amp;u=a1aHR0cHM6Ly9wcm9zYXRlY2guZGUvSGFldWZpZy1nZXN0ZWxsdGUtRnJhZ2VuLXp1bS1UaGVtYS1LbGltYWFubGFnZW4&amp;ntb=1\" target=\"_blank\" rel=\"noreferrer noopener\">Die Kosten f\u00fcr Klimaanlagen variieren je nach Typ und Leistung. Eine einfache\u00a0<strong>Single-Split-Klimaanlage<\/strong>\u00a0kann bereits ab etwa\u00a0<strong>500 Euro<\/strong>\u00a0erworben werden, w\u00e4hrend die Preise f\u00fcr leistungsst\u00e4rkere Modelle und\u00a0<strong>Multi-Split-Klimaanlagen<\/strong>\u00a0deutlich h\u00f6her sein k\u00f6nnen. Zus\u00e4tzlich fallen Kosten f\u00fcr Installationsmaterial und Montage an.<\/a><\/p><\/div><\/div><div class=\"wp-block-uagb-faq-child uagb-faq-child__outer-wrap uagb-faq-item uagb-block-c50b4279 \" role=\"tab\" tabindex=\"0\"><div class=\"uagb-faq-questions-button uagb-faq-questions\">\t\t\t<span class=\"uagb-icon uagb-faq-icon-wrap\">\n\t\t\t\t\t\t\t\t<svg xmlns=\"https:\/\/www.w3.org\/2000\/svg\" viewBox= \"0 0 448 512\"><path d=\"M432 256c0 17.69-14.33 32.01-32 32.01H256v144c0 17.69-14.33 31.99-32 31.99s-32-14.3-32-31.99v-144H48c-17.67 0-32-14.32-32-32.01s14.33-31.99 32-31.99H192v-144c0-17.69 14.33-32.01 32-32.01s32 14.32 32 32.01v144h144C417.7 224 432 238.3 432 256z\"><\/path><\/svg>\n\t\t\t\t\t\t\t<\/span>\n\t\t\t\t\t\t<span class=\"uagb-icon-active uagb-faq-icon-wrap\">\n\t\t\t\t\t\t\t\t<svg xmlns=\"https:\/\/www.w3.org\/2000\/svg\" viewBox= \"0 0 448 512\"><path d=\"M400 288h-352c-17.69 0-32-14.32-32-32.01s14.31-31.99 32-31.99h352c17.69 0 32 14.3 32 31.99S417.7 288 400 288z\"><\/path><\/svg>\n\t\t\t\t\t\t\t<\/span>\n\t\t\t<span class=\"uagb-question\"><a>Schaden Klimaanlagen der Gesundheit?<\/a><\/span><\/div><div class=\"uagb-faq-content\"><p>Wenn man die idealen Temperatureinstellungen einh\u00e4lt und die Temperaturdifferenz zwischen Innen- und Au\u00dfenbereich nicht mehr als sechs bis acht Grad betr\u00e4gt, stellt die K\u00fchlung keine Belastung f\u00fcr den K\u00f6rper dar.<br>Um das Entstehen von Keimen in der Klimaanlage zu vermeiden, die dann verteilt und eingeatmet werden k\u00f6nnen, ist es wichtig, regelm\u00e4\u00dfige Wartungsma\u00dfnahmen durchzuf\u00fchren. Wenn die Ger\u00e4te und Filter sauber gehalten werden, ist der Betrieb einer Klimaanlage hygienisch unbedenklich.<\/p><\/div><\/div><div class=\"wp-block-uagb-faq-child uagb-faq-child__outer-wrap uagb-faq-item uagb-block-81ccf330 \" role=\"tab\" tabindex=\"0\"><div class=\"uagb-faq-questions-button uagb-faq-questions\">\t\t\t<span class=\"uagb-icon uagb-faq-icon-wrap\">\n\t\t\t\t\t\t\t\t<svg xmlns=\"https:\/\/www.w3.org\/2000\/svg\" viewBox= \"0 0 448 512\"><path d=\"M432 256c0 17.69-14.33 32.01-32 32.01H256v144c0 17.69-14.33 31.99-32 31.99s-32-14.3-32-31.99v-144H48c-17.67 0-32-14.32-32-32.01s14.33-31.99 32-31.99H192v-144c0-17.69 14.33-32.01 32-32.01s32 14.32 32 32.01v144h144C417.7 224 432 238.3 432 256z\"><\/path><\/svg>\n\t\t\t\t\t\t\t<\/span>\n\t\t\t\t\t\t<span class=\"uagb-icon-active uagb-faq-icon-wrap\">\n\t\t\t\t\t\t\t\t<svg xmlns=\"https:\/\/www.w3.org\/2000\/svg\" viewBox= \"0 0 448 512\"><path d=\"M400 288h-352c-17.69 0-32-14.32-32-32.01s14.31-31.99 32-31.99h352c17.69 0 32 14.3 32 31.99S417.7 288 400 288z\"><\/path><\/svg>\n\t\t\t\t\t\t\t<\/span>\n\t\t\t<span class=\"uagb-question\"><a>Wie oft sollte eine Klimaanlage gewartet werden?<\/a><\/span><\/div><div class=\"uagb-faq-content\"><p>Um Schimmelpilze oder andere Keime in der feuchten Umgebung der Klimaanlage zu vermeiden, ist es wichtig, auf eine angemessene Hygiene zu achten. Eine regelm\u00e4\u00dfige Wartung ist erforderlich, um sicherzustellen, dass die Klimaanlage hygienisch betrieben werden kann.<br>Die Wartungsintervalle sollten gem\u00e4\u00df den Angaben des Herstellers beachtet werden. Je intensiver eine Klimaanlage genutzt wird, desto h\u00e4ufiger sollte sie gewartet werden. In privaten R\u00e4umen oder B\u00fcros ist normalerweise eine einmalige Wartung pro Jahr ausreichend.<\/p><\/div><\/div><div class=\"wp-block-uagb-faq-child uagb-faq-child__outer-wrap uagb-faq-item uagb-block-aaa8a217 \" role=\"tab\" tabindex=\"0\"><div class=\"uagb-faq-questions-button uagb-faq-questions\">\t\t\t<span class=\"uagb-icon uagb-faq-icon-wrap\">\n\t\t\t\t\t\t\t\t<svg xmlns=\"https:\/\/www.w3.org\/2000\/svg\" viewBox= \"0 0 448 512\"><path d=\"M432 256c0 17.69-14.33 32.01-32 32.01H256v144c0 17.69-14.33 31.99-32 31.99s-32-14.3-32-31.99v-144H48c-17.67 0-32-14.32-32-32.01s14.33-31.99 32-31.99H192v-144c0-17.69 14.33-32.01 32-32.01s32 14.32 32 32.01v144h144C417.7 224 432 238.3 432 256z\"><\/path><\/svg>\n\t\t\t\t\t\t\t<\/span>\n\t\t\t\t\t\t<span class=\"uagb-icon-active uagb-faq-icon-wrap\">\n\t\t\t\t\t\t\t\t<svg xmlns=\"https:\/\/www.w3.org\/2000\/svg\" viewBox= \"0 0 448 512\"><path d=\"M400 288h-352c-17.69 0-32-14.32-32-32.01s14.31-31.99 32-31.99h352c17.69 0 32 14.3 32 31.99S417.7 288 400 288z\"><\/path><\/svg>\n\t\t\t\t\t\t\t<\/span>\n\t\t\t<span class=\"uagb-question\"><a>Kann man eine Klimaanlage auch selbst einbauen?<\/a><\/span><\/div><div class=\"uagb-faq-content\"><p>Es besteht grunds\u00e4tzlich die M\u00f6glichkeit, Klimaanlagen eigenst\u00e4ndig zu installieren. Jedoch ist es gesetzlich vorgeschrieben, dass ein Fachmann die Inbetriebnahme durchf\u00fchrt. Dieser Fachmann tr\u00e4gt die Verantwortung f\u00fcr die ordnungsgem\u00e4\u00dfe Funktionsf\u00e4higkeit des gesamten Systems. Nur wenige Fachbetriebe sind bereit, die volle Haftung f\u00fcr eine selbst eingebaute Anlage zu \u00fcbernehmen.<br>Die Installation durch einen Fachmann verursacht nicht nur Kosten, sondern dient auch als Absicherung f\u00fcr den Betreiber der Klimaanlage. Dadurch wird gew\u00e4hrleistet, dass alles korrekt montiert und eingestellt ist. Der Experte garantiert einen effizienten Betrieb der Klimaanlage.<\/p><\/div><\/div><\/div><\/div>\n<\/div><\/div>\n\n\n\n<div class=\"wp-block-uagb-container uagb-block-fb46c501 alignfull uagb-is-root-container\"><div class=\"uagb-container-inner-blocks-wrap\">\n<div class=\"wp-block-uagb-info-box uagb-block-f2991df7 uagb-infobox__content-wrap  uagb-infobox-icon-above-title uagb-infobox-image-valign-top wp-block-uagb-info-box--has-margin\"><div class=\"uagb-infobox-margin-wrapper\"><div class=\"uagb-ifb-content\"><div class=\"uagb-ifb-title-wrap\"><h2 class=\"uagb-ifb-title\"><br><strong>Ruhevoll einschlafen, erfrischt im Sonnenschein erwachen.<\/strong><br><\/h2><\/div><p class=\"uagb-ifb-desc\">Weil guter Schlaf kein Luxus sein sollte. F\u00fcr N\u00e4chte die wirklich erholen mit Schlafkomfort auf Knopfdruck<\/p><\/div><\/div><\/div>\n<\/div><\/div>\n","protected":false},"excerpt":{"rendered":"<p>FAQ&#8217;s\u200b Frequently Asked Questions\u200b<\/p>\n","protected":false},"author":1,"featured_media":0,"parent":0,"menu_order":0,"comment_status":"closed","ping_status":"closed","template":"","meta":{"_uag_custom_page_level_css":"","site-sidebar-layout":"no-sidebar","site-content-layout":"plain-container","ast-site-content-layout":"normal-width-container","site-content-style":"unboxed","site-sidebar-style":"unboxed","ast-global-header-display":"","ast-banner-title-visibility":"","ast-main-header-display":"","ast-hfb-above-header-display":"","ast-hfb-below-header-display":"","ast-hfb-mobile-header-display":"","site-post-title":"disabled","ast-breadcrumbs-content":"","ast-featured-img":"","footer-sml-layout":"","ast-disable-related-posts":"","theme-transparent-header-meta":"enabled","adv-header-id-meta":"","stick-header-meta":"","header-above-stick-meta":"","header-main-stick-meta":"","header-below-stick-meta":"","astra-migrate-meta-layouts":"set","ast-page-background-enabled":"default","ast-page-background-meta":{"desktop":{"background-color":"","background-image":"","background-repeat":"repeat","background-position":"center center","background-size":"auto","background-attachment":"scroll","background-type":"","background-media":"","overlay-type":"","overlay-color":"","overlay-opacity":"","overlay-gradient":""},"tablet":{"background-color":"","background-image":"","background-repeat":"repeat","background-position":"center center","background-size":"auto","background-attachment":"scroll","background-type":"","background-media":"","overlay-type":"","overlay-color":"","overlay-opacity":"","overlay-gradient":""},"mobile":{"background-color":"","background-image":"","background-repeat":"repeat","background-position":"center center","background-size":"auto","background-attachment":"scroll","background-type":"","background-media":"","overlay-type":"","overlay-color":"","overlay-opacity":"","overlay-gradient":""}},"ast-content-background-meta":{"desktop":{"background-color":"var(--ast-global-color-5)","background-image":"","background-repeat":"repeat","background-position":"center center","background-size":"auto","background-attachment":"scroll","background-type":"","background-media":"","overlay-type":"","overlay-color":"","overlay-opacity":"","overlay-gradient":""},"tablet":{"background-color":"var(--ast-global-color-5)","background-image":"","background-repeat":"repeat","background-position":"center center","background-size":"auto","background-attachment":"scroll","background-type":"","background-media":"","overlay-type":"","overlay-color":"","overlay-opacity":"","overlay-gradient":""},"mobile":{"background-color":"var(--ast-global-color-5)","background-image":"","background-repeat":"repeat","background-position":"center center","background-size":"auto","background-attachment":"scroll","background-type":"","background-media":"","overlay-type":"","overlay-color":"","overlay-opacity":"","overlay-gradient":""}},"footnotes":""},"class_list":["post-171","page","type-page","status-publish","hentry"],"uagb_featured_image_src":{"full":false,"thumbnail":false,"medium":false,"medium_large":false,"large":false,"1536x1536":false,"2048x2048":false},"uagb_author_info":{"display_name":"admin","author_link":"https:\/\/maraklimatech.de\/de\/author\/support_7ahz8vhd\/"},"uagb_comment_info":0,"uagb_excerpt":"FAQ&#8217;s\u200b Frequently Asked Questions\u200b","_links":{"self":[{"href":"https:\/\/maraklimatech.de\/de\/wp-json\/wp\/v2\/pages\/171","targetHints":{"allow":["GET"]}}],"collection":[{"href":"https:\/\/maraklimatech.de\/de\/wp-json\/wp\/v2\/pages"}],"about":[{"href":"https:\/\/maraklimatech.de\/de\/wp-json\/wp\/v2\/types\/page"}],"author":[{"embeddable":true,"href":"https:\/\/maraklimatech.de\/de\/wp-json\/wp\/v2\/users\/1"}],"replies":[{"embeddable":true,"href":"https:\/\/maraklimatech.de\/de\/wp-json\/wp\/v2\/comments?post=171"}],"version-history":[{"count":6,"href":"https:\/\/maraklimatech.de\/de\/wp-json\/wp\/v2\/pages\/171\/revisions"}],"predecessor-version":[{"id":2738,"href":"https:\/\/maraklimatech.de\/de\/wp-json\/wp\/v2\/pages\/171\/revisions\/2738"}],"wp:attachment":[{"href":"https:\/\/maraklimatech.de\/de\/wp-json\/wp\/v2\/media?parent=171"}],"curies":[{"name":"wp","href":"https:\/\/api.w.org\/{rel}","templated":true}]}}